{"id":2490,"date":"2025-12-17T18:43:38","date_gmt":"2025-12-17T15:43:38","guid":{"rendered":"https:\/\/www.retinagrafik.com.tr\/ravagoeps\/?page_id=2490"},"modified":"2026-01-16T00:23:47","modified_gmt":"2026-01-15T21:23:47","slug":"ravacell","status":"publish","type":"page","link":"https:\/\/www.ravagoepskimya.com\/en\/ravacell\/","title":{"rendered":"RAVACELL"},"content":{"rendered":"\n<div class=\"wp-block-stackable-image-box alignfull stk-block-image-box stk-hover-parent stk-block stk-b2f844f is-style-plain\" data-block-id=\"b2f844f\"><style>.stk-b2f844f {top:-66px !important;bottom:0px !important;}<\/style><div class=\"stk-block-content stk-inner-blocks has-text-align-left stk-row stk-block-image-box__content\">\n<div class=\"wp-block-stackable-image stk-block-image has-text-align-center stk-block stk-e8cb9f1\" data-block-id=\"e8cb9f1\"><style>.stk-e8cb9f1 {top:0px !important;overflow:auto !important;}.stk-e8cb9f1 .stk-img-wrapper{width:100% !important;height:420px !important;filter:drop-shadow(none) !important;--stk-gradient-overlay:0.4 !important;}.stk-e8cb9f1 .stk-img-wrapper::after{background-color:var(--theme-palette-color-4, #102136) !important;}:where(.stk-hover-parent:hover,  .stk-hover-parent.stk--is-hovered) .stk-e8cb9f1 .stk-img-wrapper::after{background-color:#000000B3 !important;}.stk-e8cb9f1 .stk-img-wrapper::after, .stk-e8cb9f1 .stk-img-wrapper::before{mix-blend-mode:multiply !important;}<\/style><figure><span class=\"stk-img-wrapper stk-image--shape-stretch stk--shadow-none\"><img loading=\"lazy\" decoding=\"async\" class=\"stk-img wp-image-2493\" src=\"http:\/\/www.retinagrafik.com.tr\/ravagoeps\/wp-content\/uploads\/2025\/12\/ravacell-desktop.jpg\" width=\"1920\" height=\"441\" srcset=\"https:\/\/www.ravagoepskimya.com\/en\/wp-content\/uploads\/2025\/12\/ravacell-desktop.jpg 1920w, https:\/\/www.ravagoepskimya.com\/en\/wp-content\/uploads\/2025\/12\/ravacell-desktop-300x69.jpg 300w, https:\/\/www.ravagoepskimya.com\/en\/wp-content\/uploads\/2025\/12\/ravacell-desktop-1024x235.jpg 1024w, https:\/\/www.ravagoepskimya.com\/en\/wp-content\/uploads\/2025\/12\/ravacell-desktop-768x176.jpg 768w, https:\/\/www.ravagoepskimya.com\/en\/wp-content\/uploads\/2025\/12\/ravacell-desktop-1536x353.jpg 1536w\" sizes=\"auto, (max-width: 1920px) 100vw, 1920px\" \/><\/span><\/figure><\/div>\n\n\n\n<div class=\"wp-block-stackable-column stk-block-column stk-column stk-block stk-b6a29b7\" data-v=\"4\" data-block-id=\"b6a29b7\"><style>.stk-b6a29b7-inner-blocks{justify-content:flex-end !important;}.stk-b6a29b7-container{padding-top:32px !important;padding-right:32px !important;padding-bottom:32px !important;padding-left:32px !important;display:flex !important;}<\/style><div class=\"stk-column-wrapper stk-block-column__content stk-container stk-b6a29b7-container stk--no-background stk--no-padding\"><div class=\"stk-block-content stk-inner-blocks stk-b6a29b7-inner-blocks\">\n<div class=\"wp-block-stackable-heading alignfull stk-block-heading stk-block-heading--v2 stk-block stk-acf1e2a\" id=\"ravacell\" data-block-id=\"acf1e2a\"><style>.stk-acf1e2a {margin-bottom:8px !important;top:-100px !important;}.stk-acf1e2a .stk-block-heading__text{font-size:var(--stk--preset--font-size--x-large, 50px) !important;color:#FFFFFF !important;}@media screen and (max-width:999px){.stk-acf1e2a .stk-block-heading__text{font-size:var(--stk--preset--font-size--x-large, 50px) !important;}}<\/style><h2 class=\"stk-block-heading__text has-text-color has-white-color has-text-align-center\">RAVACELL<\/h2><\/div>\n\n\n\n<div class=\"wp-block-stackable-heading alignfull stk-block-heading stk-block-heading--v2 stk-block stk-11c0c64\" data-block-id=\"11c0c64\"><style>.stk-11c0c64 .stk-block-heading__text{font-size:var(--stk--preset--font-size--large, 30px) !important;color:#FFFFFF !important;}@media screen and (max-width:999px){.stk-11c0c64 .stk-block-heading__text{font-size:var(--stk--preset--font-size--large, 30px) !important;}}<\/style><h3 class=\"stk-block-heading__text has-text-color has-white-color has-text-align-center\"><\/h3><\/div>\n\n\n\n<div class=\"wp-block-stackable-text stk-block-text stk-block stk-ce0df2f\" data-block-id=\"ce0df2f\"><style>.stk-ce0df2f {opacity:0 !important;}:where(.stk-hover-parent:hover,  .stk-hover-parent.stk--is-hovered) .stk-ce0df2f{opacity:1 !important;}.stk-ce0df2f .stk-block-text__text{color:#FFFFFF !important;}<\/style><p class=\"stk-block-text__text has-text-color has-white-color\"><\/p><\/div>\n<\/div><\/div><\/div>\n<\/div><\/div>\n\n\n\n<div class=\"wp-block-stackable-tabs stk-block-tabs stk-block stk-61c9942\" data-initial-tab=\"1\" data-block-id=\"61c9942\"><style>.stk-61c9942 .stk-block-tab-content .stk-block-content .stk-block-column[hidden]{display:none !important;}.stk-61c9942 {margin-bottom:23px !important;}<\/style><div class=\"stk-row stk-inner-blocks stk-block-content stk-block-tabs--horizontal stk-block-tabs--fade stk-content-align stk-61c9942-column\">\n<div class=\"wp-block-stackable-tab-labels stk-block-tab-labels stk-block stk-30e0ef5 stk-block-background is-style-buttons\" data-block-id=\"30e0ef5\"><style>.stk-30e0ef5 .stk-block-tab-labels__wrapper{justify-content:center !important;}.stk-block-content.stk-block-tabs--horizontal .stk-30e0ef5{--tabs-flex:1 1 auto !important;}.stk-30e0ef5 {--tabs-column-gap:19px !important;--tabs-row-gap:12px !important;background-color:#ffffff !important;overflow:hidden !important;}.stk-30e0ef5 .stk-block-tabs__tab{justify-content:center !important;color:var(--theme-palette-color-8, #ffffff) !important;min-height:45px !important;padding-top:var(--stk--preset--spacing--30, 0.67rem) !important;padding-right:var(--stk--preset--spacing--70, 3.38rem) !important;padding-bottom:var(--stk--preset--spacing--30, 0.67rem) !important;padding-left:var(--stk--preset--spacing--70, 3.38rem) !important;background:#003da5 !important;border-top-left-radius:4px !important;border-top-right-radius:4px !important;border-bottom-right-radius:4px !important;border-bottom-left-radius:4px !important;border-color:transparent !important;border-top-width:0px !important;border-right-width:0px !important;border-bottom-width:2px !important;border-left-width:0px !important;}.stk-30e0ef5 .stk-block-tabs__tab:hover{color:var(--theme-palette-color-4, #102136) !important;}.stk-30e0ef5 .stk-block-tabs__tab.stk-block-tabs__tab--active .stk-block-tab-labels__text{color:#ffffff !important;}.stk-30e0ef5:before{background-color:#ffffff !important;}.stk-30e0ef5 .stk-block-tab-labels__text{text-shadow:none !important;font-size:var(--stk--preset--font-size--large, 30px) !important;color:var(--theme-palette-color-8, #ffffff) !important;}.stk-30e0ef5 .stk-block-tabs__tab:hover .stk-block-tab-labels__text{color:var(--theme-palette-color-4, #102136) !important;}.stk-30e0ef5 .stk-block-tabs__tab:not(.stk-block-tabs__tab--active):hover{background:#eeeeee !important;opacity:1 !important;}.stk-30e0ef5 .stk-block-tabs__tab .stk--inner-svg svg:last-child, .stk-30e0ef5 .stk-block-tabs__tab .stk--inner-svg svg:last-child :is(g, path, rect, polygon, ellipse){fill:#000000 !important;}.stk-30e0ef5 .stk-block-tabs__tab.stk-block-tabs__tab--active{background:#fdcb00 !important;border-color:#000000 !important;}.stk-30e0ef5 .stk-block-tabs__tab.stk-block-tabs__tab--active .stk--inner-svg svg:last-child, .stk-30e0ef5 .stk-block-tabs__tab.stk-block-tabs__tab--active .stk--inner-svg svg:last-child :is(g, path, rect, polygon, ellipse){fill:#ffffff !important;}@media screen and (max-width:999px){.stk-30e0ef5 .stk-block-tab-labels__text{font-size:var(--stk--preset--font-size--large, 30px) !important;}}<\/style><div class=\"stk-block-tab-labels__wrapper\" role=\"tablist\"><button class=\"stk-block-tabs__tab\" role=\"tab\"><div class=\"stk-block-tab-labels__text has-text-align-center\"><span>RAVACELL FP.1 <\/span><\/div><\/button><\/div><\/div>\n\n\n\n<div class=\"wp-block-stackable-tab-content stk-block-tab-content stk-block stk-8150cc5\" data-block-id=\"8150cc5\"><div class=\"stk-row stk-inner-blocks stk-block-content stk-content-align stk-8150cc5-column\">\n<div class=\"wp-block-stackable-column stk-block-column stk-column stk-block stk-e4e96ac stk-block-background\" data-v=\"4\" role=\"tabpanel\" data-block-id=\"e4e96ac\"><style>.stk-e4e96ac {background-color:var(--theme-palette-color-6, #F3F5F7) !important;}.stk-e4e96ac:before{background-color:var(--theme-palette-color-6, #F3F5F7) !important;}<\/style><div class=\"stk-column-wrapper stk-block-column__content stk-container stk-e4e96ac-container stk--no-background stk--no-padding\"><div class=\"stk-block-content stk-inner-blocks stk-e4e96ac-inner-blocks\">\n<div class=\"wp-block-stackable-columns stk-block-columns stk-block stk-9554d18\" data-block-id=\"9554d18\"><div class=\"stk-row stk-inner-blocks stk-block-content stk-content-align stk-9554d18-column\">\n<div class=\"wp-block-stackable-column stk-block-column stk-column stk-block stk-98377a4\" data-v=\"4\" data-block-id=\"98377a4\"><style>@media screen and (min-width:690px){.stk-98377a4 {flex:var(--stk-flex-grow, 1) 1 calc(25% - var(--stk-column-gap, 0px) * 1 \/ 2 ) !important;}}<\/style><div class=\"stk-column-wrapper stk-block-column__content stk-container stk-98377a4-container stk--no-background stk--no-padding\"><div class=\"stk-block-content stk-inner-blocks stk-98377a4-inner-blocks\">\n<figure class=\"wp-block-image size-full\"><img loading=\"lazy\" decoding=\"async\" width=\"240\" height=\"240\" src=\"https:\/\/www.retinagrafik.com.tr\/ravagoeps\/wp-content\/uploads\/2025\/12\/ravacell-fp-1.webp\" alt=\"\" class=\"wp-image-2494\" srcset=\"https:\/\/www.ravagoepskimya.com\/en\/wp-content\/uploads\/2025\/12\/ravacell-fp-1.webp 240w, https:\/\/www.ravagoepskimya.com\/en\/wp-content\/uploads\/2025\/12\/ravacell-fp-1-150x150.webp 150w\" sizes=\"auto, (max-width: 240px) 100vw, 240px\" \/><\/figure>\n<\/div><\/div><\/div>\n\n\n\n<div class=\"wp-block-stackable-column stk-block-column stk-column stk-block stk-577f76c\" data-v=\"4\" data-block-id=\"577f76c\"><style>.stk-577f76c {align-self:center !important;}@media screen and (min-width:690px){.stk-577f76c {flex:var(--stk-flex-grow, 1) 1 calc(75% - var(--stk-column-gap, 0px) * 1 \/ 2 ) !important;}}<\/style><div class=\"stk-column-wrapper stk-block-column__content stk-container stk-577f76c-container stk--no-background stk--no-padding\"><div class=\"stk-block-content stk-inner-blocks stk-577f76c-inner-blocks\">\n<p>Ravacell Pro is a range of class silver grey expandable polystyrenes (EPS). They are innovative,ecological and fire resistance products designed for a wide variety of applications on the thermal insulation market. Product is very unique applications to make people life easier and cheaper with energy saving. Ravacell Pro has strong mechanical properties and perfomed high thermal insulation performance.<\/p>\n\n\n\n<p><strong>Used areas,<\/strong><\/p>\n\n\n\n<p>Injection Moulding<br>External, internal walls (ETICS)<br>Floors<br>Cavity walls &amp; Insulated concrete forms<br>Flats<br>Automative applications<\/p>\n<\/div><\/div><\/div>\n<\/div><\/div>\n\n\n\n<div class=\"wp-block-stackable-columns stk-block-columns stk-block stk-d67716b\" data-block-id=\"d67716b\"><style>.stk-d67716b {margin-bottom:11px !important;}<\/style><div class=\"stk-row stk-inner-blocks stk-block-content stk-content-align stk-d67716b-column\">\n<div class=\"wp-block-stackable-column stk-block-column stk-column stk-block stk-04092d0\" data-v=\"4\" data-block-id=\"04092d0\"><div class=\"stk-column-wrapper stk-block-column__content stk-container stk-04092d0-container stk--no-background stk--no-padding\"><div class=\"stk-block-content stk-inner-blocks stk-04092d0-inner-blocks\">\n<div class=\"wp-block-stackable-heading stk-block-heading stk-block-heading--v2 stk-block stk-5140f68\" id=\"span-style-color-003-da-5-class-stk-highlight-ravacell-fp-1-span\" data-block-id=\"5140f68\"><style>.stk-5140f68 .stk-block-heading__text{font-size:var(--stk--preset--font-size--medium, 20px) !important;color:#003da5 !important;}@media screen and (max-width:999px){.stk-5140f68 .stk-block-heading__text{font-size:var(--stk--preset--font-size--medium, 20px) !important;}}<\/style><h2 class=\"stk-block-heading__text has-text-color has-text-align-center\"><span style=\"color: #003da5;\" class=\"stk-highlight\">Ravacell  FP.1<\/span><\/h2><\/div>\n<\/div><\/div><\/div>\n<\/div><\/div>\n\n\n\n<div class=\"wp-block-stackable-columns stk-block-columns stk-block stk-d8917e6\" data-block-id=\"d8917e6\"><style>.stk-d8917e6 {margin-bottom:18px !important;}<\/style><div class=\"stk-row stk-inner-blocks stk-block-content stk-content-align stk-d8917e6-column\">\n<div class=\"wp-block-stackable-column stk-block-column stk-column stk-block stk-0f43b62\" data-v=\"4\" data-block-id=\"0f43b62\"><div class=\"stk-column-wrapper stk-block-column__content stk-container stk-0f43b62-container stk--no-background stk--no-padding\"><div class=\"stk-block-content stk-inner-blocks stk-0f43b62-inner-blocks\">\n<div class=\"wp-block-columns is-layout-flex wp-container-core-columns-is-layout-28f84493 wp-block-columns-is-layout-flex\">\n<div class=\"wp-block-column is-layout-flow wp-block-column-is-layout-flow\" style=\"flex-basis:100%\">\n<figure class=\"wp-block-table\"><table class=\"has-palette-color-8-background-color has-background has-fixed-layout\"><tbody><tr><td class=\"has-text-align-center\" data-align=\"center\"><strong>Eurocell Grades<\/strong><\/td><td class=\"has-text-align-center\" data-align=\"center\"><strong>Particle Size(mm)<\/strong><\/td><td class=\"has-text-align-center\" data-align=\"center\"><strong>Density Range(kg\/m\u00b3)<\/strong><\/td><td class=\"has-text-align-center\" data-align=\"center\"><strong>Application Parts<\/strong><\/td><\/tr><tr><td class=\"has-text-align-center\" data-align=\"center\">Ravacell Pro FP.1<\/td><td class=\"has-text-align-center\" data-align=\"center\">0.6-1.60<\/td><td class=\"has-text-align-center\" data-align=\"center\">12(double exp.) &#8211; 25(single exp.)<\/td><td class=\"has-text-align-center\" data-align=\"center\">Thermal insulations, wall applications,floor and foundations, ETICS<\/td><\/tr><\/tbody><\/table><\/figure>\n<\/div>\n<\/div>\n<\/div><\/div><\/div>\n<\/div><\/div>\n<\/div><\/div><\/div>\n\n\n\n<div class=\"wp-block-stackable-column stk-block-column stk-column stk-block stk-3aff21f stk-block-background\" data-v=\"4\" role=\"tabpanel\" data-block-id=\"3aff21f\"><style>.stk-3aff21f {background-color:var(--theme-palette-color-6, #F3F5F7) !important;}.stk-3aff21f:before{background-color:var(--theme-palette-color-6, #F3F5F7) !important;}<\/style><div class=\"stk-column-wrapper stk-block-column__content stk-container stk-3aff21f-container stk--no-background stk--no-padding\"><div class=\"stk-block-content stk-inner-blocks stk-3aff21f-inner-blocks\">\n<div class=\"wp-block-stackable-columns stk-block-columns stk-block stk-125e1bd\" data-block-id=\"125e1bd\"><div class=\"stk-row stk-inner-blocks stk-block-content stk-content-align stk-125e1bd-column\">\n<div class=\"wp-block-stackable-column stk-block-column stk-column stk-block stk-1e6a732\" data-v=\"4\" data-block-id=\"1e6a732\"><style>@media screen and (min-width:690px){.stk-1e6a732 {flex:var(--stk-flex-grow, 1) 1 calc(21% - var(--stk-column-gap, 0px) * 1 \/ 2 ) !important;}}<\/style><div class=\"stk-column-wrapper stk-block-column__content stk-container stk-1e6a732-container stk--no-background stk--no-padding\"><div class=\"stk-block-content stk-inner-blocks stk-1e6a732-inner-blocks\">\n<figure class=\"wp-block-image size-full\"><img loading=\"lazy\" decoding=\"async\" width=\"240\" height=\"240\" src=\"https:\/\/www.retinagrafik.com.tr\/ravagoeps\/wp-content\/uploads\/2025\/12\/eurocell-fp-1.webp\" alt=\"\" class=\"wp-image-2479\" srcset=\"https:\/\/www.ravagoepskimya.com\/en\/wp-content\/uploads\/2025\/12\/eurocell-fp-1.webp 240w, https:\/\/www.ravagoepskimya.com\/en\/wp-content\/uploads\/2025\/12\/eurocell-fp-1-150x150.webp 150w\" sizes=\"auto, (max-width: 240px) 100vw, 240px\" \/><\/figure>\n<\/div><\/div><\/div>\n\n\n\n<div class=\"wp-block-stackable-column stk-block-column stk-column stk-block stk-def6757\" data-v=\"4\" data-block-id=\"def6757\"><style>.stk-def6757 {align-self:center !important;}@media screen and (min-width:690px){.stk-def6757 {flex:var(--stk-flex-grow, 1) 1 calc(79% - var(--stk-column-gap, 0px) * 1 \/ 2 ) !important;}}<\/style><div class=\"stk-column-wrapper stk-block-column__content stk-container stk-def6757-container stk--no-background stk--no-padding\"><div class=\"stk-block-content stk-inner-blocks stk-def6757-inner-blocks\">\n<p>Is\u0131 yal\u0131t\u0131m\u0131 ve ev uygulamalar\u0131 pazar\u0131 i\u00e7in tasarlanm\u0131\u015f, m\u00fckemmel \u0131s\u0131 ve mekanik \u00f6zelliklere sahip beyaz polistiren.<\/p>\n<\/div><\/div><\/div>\n<\/div><\/div>\n\n\n\n<div class=\"wp-block-stackable-heading stk-block-heading stk-block-heading--v2 stk-block stk-d691027\" id=\"span-style-color-003-da-5-class-stk-highlight-eurocell-fp-1-span\" data-block-id=\"d691027\"><style>.stk-d691027 .stk-block-heading__text{font-size:var(--stk--preset--font-size--medium, 20px) !important;}@media screen and (max-width:999px){.stk-d691027 .stk-block-heading__text{font-size:var(--stk--preset--font-size--medium, 20px) !important;}}<\/style><h2 class=\"stk-block-heading__text has-text-align-center\"><span style=\"color: #003da5;\" class=\"stk-highlight\">Eurocell FP.1<\/span><\/h2><\/div>\n\n\n\n<div class=\"wp-block-stackable-columns stk-block-columns stk-block stk-edc4bb3\" data-block-id=\"edc4bb3\"><div class=\"stk-row stk-inner-blocks stk-block-content stk-content-align stk-edc4bb3-column\">\n<div class=\"wp-block-stackable-column stk-block-column stk-column stk-block stk-f2a63bc\" data-v=\"4\" data-block-id=\"f2a63bc\"><div class=\"stk-column-wrapper stk-block-column__content stk-container stk-f2a63bc-container stk--no-background stk--no-padding\"><div class=\"stk-block-content stk-inner-blocks stk-f2a63bc-inner-blocks\">\n<div class=\"wp-block-columns is-layout-flex wp-container-core-columns-is-layout-28f84493 wp-block-columns-is-layout-flex\">\n<div class=\"wp-block-column is-layout-flow wp-block-column-is-layout-flow\" style=\"flex-basis:100%\">\n<div class=\"wp-block-columns is-layout-flex wp-container-core-columns-is-layout-28f84493 wp-block-columns-is-layout-flex\">\n<div class=\"wp-block-column is-layout-flow wp-block-column-is-layout-flow\" style=\"flex-basis:100%\">\n<div class=\"wp-block-columns is-layout-flex wp-container-core-columns-is-layout-28f84493 wp-block-columns-is-layout-flex\">\n<div class=\"wp-block-column is-layout-flow wp-block-column-is-layout-flow\">\n<figure class=\"wp-block-table\"><table class=\"has-white-background-color has-background has-fixed-layout\"><tbody><tr><td class=\"has-text-align-center\" data-align=\"center\"><strong>Ravacell FP.1 grades<\/strong><\/td><td class=\"has-text-align-center\" data-align=\"center\"><strong>Par\u00e7ac\u0131k Boyutu (mm)<\/strong><\/td><td class=\"has-text-align-center\" data-align=\"center\"><strong>Yo\u011funluk Aral\u0131\u011f\u0131 (kg\/m\u00b3)<\/strong><\/td><td class=\"has-text-align-center\" data-align=\"center\"><strong>Uygulama Par\u00e7alar\u0131<\/strong><\/td><\/tr><tr><td class=\"has-text-align-center\" data-align=\"center\">Ravacell Pro FP.1<\/td><td class=\"has-text-align-center\" data-align=\"center\">0,6 \u2013 1,60<\/td><td class=\"has-text-align-center\" data-align=\"center\">12(Double exp.)-25(single exp.)<\/td><td class=\"has-text-align-center\" data-align=\"center\">Is\u0131 yal\u0131t\u0131m\u0131, duvar uygulamalar\u0131, zemin ve temeller, ETICS<\/td><\/tr><\/tbody><\/table><\/figure>\n<\/div>\n<\/div>\n<\/div>\n<\/div>\n<\/div>\n<\/div>\n<\/div><\/div><\/div>\n<\/div><\/div>\n<\/div><\/div><\/div>\n<\/div><\/div>\n<\/div><\/div>\n\n\n\n<div class=\"wp-block-stackable-columns stk-block-columns stk-block stk-f9fbdd1\" data-block-id=\"f9fbdd1\"><div class=\"stk-row stk-inner-blocks stk-block-content stk-content-align stk-f9fbdd1-column\">\n<div class=\"wp-block-stackable-column stk-block-column stk-column stk-block stk-b5978de\" data-v=\"4\" data-block-id=\"b5978de\"><div class=\"stk-column-wrapper stk-block-column__content stk-container stk-b5978de-container stk--no-background stk--no-padding\"><div class=\"stk-block-content stk-inner-blocks stk-b5978de-inner-blocks\">\n<div class=\"wp-block-stackable-button-group stk-block-button-group stk-block stk-56bd6e6\" data-block-id=\"56bd6e6\"><style>.stk-56bd6e6 .stk-inner-blocks{column-gap:9px !important;}<\/style><div class=\"stk-row stk-inner-blocks stk-block-content stk-button-group\">\n<div class=\"wp-block-stackable-button stk-block-button stk-block stk-e478904\" data-block-id=\"e478904\"><style>.stk-e478904 , .stk-e478904 .stk-button{width:100% !important;}.stk-e478904 {flex:1 0 var(--stk-button-group-flex-wrap, 0) !important;}.stk-e478904 .stk-button{padding-top:var(--stk--preset--spacing--30, 0.67rem) !important;padding-right:var(--stk--preset--spacing--80, 5.06rem) !important;padding-bottom:var(--stk--preset--spacing--30, 0.67rem) !important;padding-left:var(--stk--preset--spacing--80, 5.06rem) !important;background:#003da5 !important;}.stk-e478904 .stk-button .stk--inner-svg svg:last-child{height:19px !important;width:19px !important;}.stk-e478904 .stk-button__inner-text{font-size:var(--stk--preset--font-size--large, 30px) !important;}@media screen and (max-width:999px){.stk-e478904 .stk-button__inner-text{font-size:var(--stk--preset--font-size--large, 30px) !important;}}<\/style><a class=\"stk-link stk-button stk--hover-effect-darken\" href=\"https:\/\/www.ravagoepskimya.com\/en\/eurocell\/\"><span class=\"stk-button__inner-text\">EUROCELL<\/span><span class=\"stk--svg-wrapper\"><div class=\"stk--inner-svg\"><svg xmlns=\"http:\/\/www.w3.org\/2000\/svg\" viewBox=\"0 0 512 512\" aria-hidden=\"true\" width=\"32\" height=\"32\"><path d=\"M352 0c-12.9 0-24.6 7.8-29.6 19.8s-2.2 25.7 6.9 34.9L370.7 96 201.4 265.4c-12.5 12.5-12.5 32.8 0 45.3s32.8 12.5 45.3 0L416 141.3l41.4 41.4c9.2 9.2 22.9 11.9 34.9 6.9s19.8-16.6 19.8-29.6V32c0-17.7-14.3-32-32-32H352zM80 32C35.8 32 0 67.8 0 112V432c0 44.2 35.8 80 80 80H400c44.2 0 80-35.8 80-80V320c0-17.7-14.3-32-32-32s-32 14.3-32 32V432c0 8.8-7.2 16-16 16H80c-8.8 0-16-7.2-16-16V112c0-8.8 7.2-16 16-16H192c17.7 0 32-14.3 32-32s-14.3-32-32-32H80z\"><\/path><\/svg><\/div><\/span><\/a><\/div>\n<\/div><\/div>\n<\/div><\/div><\/div>\n\n\n\n<div class=\"wp-block-stackable-column stk-block-column stk-column stk-block stk-d884305\" data-v=\"4\" data-block-id=\"d884305\"><div class=\"stk-column-wrapper stk-block-column__content stk-container stk-d884305-container stk--no-background stk--no-padding\"><div class=\"stk-block-content stk-inner-blocks stk-d884305-inner-blocks\">\n<div class=\"wp-block-stackable-button-group stk-block-button-group stk-block stk-eacf9d2\" data-block-id=\"eacf9d2\"><style>.stk-eacf9d2 .stk-inner-blocks{column-gap:9px !important;}<\/style><div class=\"stk-row stk-inner-blocks stk-block-content stk-button-group\">\n<div class=\"wp-block-stackable-button stk-block-button stk-block stk-ebd1dc6\" data-block-id=\"ebd1dc6\"><style>.stk-ebd1dc6 , .stk-ebd1dc6 .stk-button{width:100% !important;}.stk-ebd1dc6 {flex:1 0 var(--stk-button-group-flex-wrap, 0) !important;}.stk-ebd1dc6 .stk-button{padding-top:var(--stk--preset--spacing--30, 0.67rem) !important;padding-right:var(--stk--preset--spacing--80, 5.06rem) !important;padding-bottom:var(--stk--preset--spacing--30, 0.67rem) !important;padding-left:var(--stk--preset--spacing--80, 5.06rem) !important;background:#003da5 !important;}.stk-ebd1dc6 .stk-button .stk--inner-svg svg:last-child{height:19px !important;width:19px !important;}.stk-ebd1dc6 .stk-button__inner-text{font-size:var(--stk--preset--font-size--large, 30px) !important;}@media screen and (max-width:999px){.stk-ebd1dc6 .stk-button__inner-text{font-size:var(--stk--preset--font-size--large, 30px) !important;}}<\/style><a class=\"stk-link stk-button stk--hover-effect-darken\" href=\"https:\/\/www.ravagoepskimya.com\/en\/ravacell\/\"><span class=\"stk-button__inner-text\">RAVACELL<\/span><span class=\"stk--svg-wrapper\"><div class=\"stk--inner-svg\"><svg xmlns=\"http:\/\/www.w3.org\/2000\/svg\" viewBox=\"0 0 512 512\" aria-hidden=\"true\" width=\"32\" height=\"32\"><path d=\"M352 0c-12.9 0-24.6 7.8-29.6 19.8s-2.2 25.7 6.9 34.9L370.7 96 201.4 265.4c-12.5 12.5-12.5 32.8 0 45.3s32.8 12.5 45.3 0L416 141.3l41.4 41.4c9.2 9.2 22.9 11.9 34.9 6.9s19.8-16.6 19.8-29.6V32c0-17.7-14.3-32-32-32H352zM80 32C35.8 32 0 67.8 0 112V432c0 44.2 35.8 80 80 80H400c44.2 0 80-35.8 80-80V320c0-17.7-14.3-32-32-32s-32 14.3-32 32V432c0 8.8-7.2 16-16 16H80c-8.8 0-16-7.2-16-16V112c0-8.8 7.2-16 16-16H192c17.7 0 32-14.3 32-32s-14.3-32-32-32H80z\"><\/path><\/svg><\/div><\/span><\/a><\/div>\n<\/div><\/div>\n<\/div><\/div><\/div>\n<\/div><\/div>\n\n\n\n<p><\/p>\n","protected":false},"excerpt":{"rendered":"<p>RAVACELL RAVACELL FP.1 Ravacell Pro is a range of class silver grey expandable polystyrenes (EPS). They are innovative,ecological and fire resistance products designed for a wide variety of applications on the thermal insulation market. Product is very unique applications to make people life easier and cheaper with energy saving. Ravacell Pro has strong mechanical properties [&hellip;]<\/p>\n","protected":false},"author":1,"featured_media":0,"parent":0,"menu_order":0,"comment_status":"closed","ping_status":"closed","template":"","meta":{"footnotes":""},"class_list":["post-2490","page","type-page","status-publish","hentry"],"blocksy_meta":[],"brizy_media":[],"_links":{"self":[{"href":"https:\/\/www.ravagoepskimya.com\/en\/wp-json\/wp\/v2\/pages\/2490","targetHints":{"allow":["GET"]}}],"collection":[{"href":"https:\/\/www.ravagoepskimya.com\/en\/wp-json\/wp\/v2\/pages"}],"about":[{"href":"https:\/\/www.ravagoepskimya.com\/en\/wp-json\/wp\/v2\/types\/page"}],"author":[{"embeddable":true,"href":"https:\/\/www.ravagoepskimya.com\/en\/wp-json\/wp\/v2\/users\/1"}],"replies":[{"embeddable":true,"href":"https:\/\/www.ravagoepskimya.com\/en\/wp-json\/wp\/v2\/comments?post=2490"}],"version-history":[{"count":8,"href":"https:\/\/www.ravagoepskimya.com\/en\/wp-json\/wp\/v2\/pages\/2490\/revisions"}],"predecessor-version":[{"id":2963,"href":"https:\/\/www.ravagoepskimya.com\/en\/wp-json\/wp\/v2\/pages\/2490\/revisions\/2963"}],"wp:attachment":[{"href":"https:\/\/www.ravagoepskimya.com\/en\/wp-json\/wp\/v2\/media?parent=2490"}],"curies":[{"name":"wp","href":"https:\/\/api.w.org\/{rel}","templated":true}]}}